{"id":64,"date":"2015-04-08T18:29:21","date_gmt":"2015-04-08T18:29:21","guid":{"rendered":"http:\/\/myfaun.no\/?page_id=64"},"modified":"2017-04-23T18:11:10","modified_gmt":"2017-04-23T18:11:10","slug":"my-faun","status":"publish","type":"page","link":"https:\/\/myfaun.no\/","title":{"rendered":"Vennelaget M\/Y Faun"},"content":{"rendered":"<p><img decoding=\"async\" class=\"alignleft\" src=\"https:\/\/myfaun.no\/wp-content\/uploads\/2013\/05\/ImageGen.jpg\" alt=\"\" \/><\/p>\n<p>\u2022 Vennelaget Faun har som form\u00e5l \u00e5 skape et aktiv milj\u00f8 for bevaring og bruk av M\/Y Faun.<\/p>\n<p>\u2022 Vennelaget st\u00e5r for arrangementer, dugnader, m\u00f8ter og lignende<\/p>\n<p>\u2022 Overskudd i Vennelaget g\u00e5r til gaver og bidrag til M\/Y Faun<\/p>\n<p>\u2022 Vennelaget er ogs\u00e5 opptatt av \u00e5 fokusere p\u00e5 M\/Y Faun&#8217;s historie og som et nasjonalt kulturminne.<\/p>\n<p>\u2022 Hver sommer arrangeres det egne turer for Vennelagets medlemmer.<\/p>\n<p>\u2022 Vennelaget f\u00e5r sine inntekter fra medlemskontingent, sponsing fra private, bedrifter og utleie.<\/p>\n<p>\u2022 Som medlem f\u00e5r du ogs\u00e5 tilsendt bladet Norsk Fart\u00f8yvern<\/p>\n<p>\u2022 Du kan bli medlem ved \u00e5 fylle ut skjema p\u00e5 <a href=\"http:\/\/myfaun.portal.styreweb.com\/arrangement\/Register?ID=33646-BDCB\">denne linken<\/a>. S\u00e5 f\u00e5 du tilsendt faktura med giro.<\/p>\n<p>\u2022 Medlemskontingenten er kr. 500,- pr. kalender\u00e5r, 4.000,- for livstidsmedlemskap.<br \/>\n<img decoding=\"async\" src=\"https:\/\/myfaun.no\/wp-content\/uploads\/2013\/05\/interior.jpg\" alt=\"\" \/>\u00a0\u00a0\u00a0<img decoding=\"async\" src=\"https:\/\/myfaun.no\/wp-content\/uploads\/2013\/05\/GH.jpg\" alt=\"\" \/><\/p>\n<p><b>Om Faun<\/b><br \/>\nFaun ble bygd i 1916 ved Damsgaards Baatbyggeri og Motorforretning i Bergen. Verftet var etablert av ingeni\u00f8ren August Moldestad, som hadde studert skipsbygging i England. B\u00e5ten vart bygd som lystfart\u00f8y for sonen til Christian Michelsen, Noregs f\u00f8rste statsminister. Faun er 53 fot lang og kostet ny kr. 33.000,-. Skrogformen er inspirert av britiske krigsskip fra begynnelsen av 1900 tallet.<br \/>\nMotoryachten Faun hadde hjemmehavn p\u00e5 Gamlehaugen fram til 1925. Etter dette var b\u00e5ten eid av kjente redere i Bergen. I 1955 overtok BKK b\u00e5ten, og de brukte henne i samband med den store kraftutbyggingen i Matrefjella. I 1993 ble b\u00e5ten overdradd til Hardanger Fart\u00f8yvernsenter. V\u00e5ren 2005, n\u00f8yaktig 100 \u00e5r etter at Christian Michelsen p\u00e5 fredelig vis ledet nasjonen v\u00e5r ut av unionen med Sverige, var Faun ferdig restaurert. Istandsettingen tok fem \u00e5r og kosta ca. 5 millioner kroner.<\/p>\n","protected":false},"excerpt":{"rendered":"<p>\u2022 Vennelaget Faun har som form\u00e5l \u00e5 skape et aktiv milj\u00f8 for bevaring og bruk av M\/Y Faun. \u2022 Vennelaget st\u00e5r for arrangementer, dugnader, m\u00f8ter og lignende \u2022 Overskudd i Vennelaget g\u00e5r til gaver og bidrag til M\/Y Faun \u2022&hellip; <\/p>\n","protected":false},"author":1,"featured_media":0,"parent":0,"menu_order":0,"comment_status":"open","ping_status":"open","template":"","meta":{"footnotes":""},"class_list":["post-64","page","type-page","status-publish","hentry"],"_links":{"self":[{"href":"https:\/\/myfaun.no\/index.php?rest_route=\/wp\/v2\/pages\/64","targetHints":{"allow":["GET"]}}],"collection":[{"href":"https:\/\/myfaun.no\/index.php?rest_route=\/wp\/v2\/pages"}],"about":[{"href":"https:\/\/myfaun.no\/index.php?rest_route=\/wp\/v2\/types\/page"}],"author":[{"embeddable":true,"href":"https:\/\/myfaun.no\/index.php?rest_route=\/wp\/v2\/users\/1"}],"replies":[{"embeddable":true,"href":"https:\/\/myfaun.no\/index.php?rest_route=%2Fwp%2Fv2%2Fcomments&post=64"}],"version-history":[{"count":8,"href":"https:\/\/myfaun.no\/index.php?rest_route=\/wp\/v2\/pages\/64\/revisions"}],"predecessor-version":[{"id":173,"href":"https:\/\/myfaun.no\/index.php?rest_route=\/wp\/v2\/pages\/64\/revisions\/173"}],"wp:attachment":[{"href":"https:\/\/myfaun.no\/index.php?rest_route=%2Fwp%2Fv2%2Fmedia&parent=64"}],"curies":[{"name":"wp","href":"https:\/\/api.w.org\/{rel}","templated":true}]}}